{"id":5382,"date":"2023-07-20T22:58:30","date_gmt":"2023-07-20T20:58:30","guid":{"rendered":"https:\/\/www.mitform.com\/produkt\/taste_4_ball_znal_m\/"},"modified":"2023-07-20T22:58:30","modified_gmt":"2023-07-20T20:58:30","slug":"button_4_ball_znal_m","status":"publish","type":"product","link":"https:\/\/www.mitform.com\/de\/produkt\/button_4_ball_znal_m\/","title":{"rendered":"Taste_4_ball_ZNAL_M."},"content":{"rendered":"<h3><span style=\"font-family: arial, helvetica, sans-serif; font-size: 14pt;\">Taste_4_ball_ZNAL_M.<\/span><\/h3>\n<p><span style=\"font-family: arial, helvetica, sans-serif; font-size: 14pt;\">&#8211; Abmessungen ~ \u00f812 x 16 mm<\/span><br \/>\n<span style=\"font-family: arial, helvetica, sans-serif; font-size: 14pt;\">&#8211; Abmessungen ~ \u00f80,47 x 0,64&#8243;<\/span><br \/>\n<span style=\"font-family: arial, helvetica, sans-serif; font-size: 14pt;\">&#8211; Gewicht ~ 5 g<\/span><\/p>\n<p><span style=\"font-family: arial, helvetica, sans-serif; font-size: 14pt;\">&#8211; Knopf aus ZNAL-Legierung + Galvanisierung (Messing + Patina + Reibung + Lackierung)<\/span><br \/>\n<span style=\"font-family: arial, helvetica, sans-serif; font-size: 14pt;\">&#8211; urspr\u00fcnglich eine Kupferlegierung<\/span><br \/>\n<span style=\"font-family: arial, helvetica, sans-serif; font-size: 14pt;\">&#8211; Sp\u00e4tmittelalter, zweite H\u00e4lfte des 15. Jahrhunderts<\/span><br \/>\n<span style=\"font-family: arial, helvetica, sans-serif; font-size: 14pt;\">&#8211; ein Fundst\u00fcck aus S\u00fcdengland<\/span><\/p>\n","protected":false},"excerpt":{"rendered":"<p>Taste_4_ball_ZNAL_M. &#8211; Abmessungen ~ \u00f812 x 16 mm &#8211; Abmessungen ~ \u00f80,47 x 0,64&#8243; &#8211; Gewicht ~ 5 g &#8211; Knopf aus ZNAL-Legierung + Galvanisierung (Messing + Patina + Reibung + Lackierung) &#8211; urspr\u00fcnglich eine Kupferlegierung &#8211; Sp\u00e4tmittelalter, zweite H\u00e4lfte des 15. Jahrhunderts &#8211; ein Fundst\u00fcck aus S\u00fcdengland<\/p>\n","protected":false},"featured_media":4249,"template":"","meta":{"_acf_changed":false,"_crdt_document":"","site-sidebar-layout":"default","site-content-layout":"default","ast-site-content-layout":"default","site-content-style":"default","site-sidebar-style":"default","ast-global-header-display":"","ast-banner-title-visibility":"","ast-main-header-display":"","ast-hfb-above-header-display":"","ast-hfb-below-header-display":"","ast-hfb-mobile-header-display":"","site-post-title":"","ast-breadcrumbs-content":"","ast-featured-img":"","footer-sml-layout":"","ast-disable-related-posts":"","theme-transparent-header-meta":"default","adv-header-id-meta":"","stick-header-meta":"","header-above-stick-meta":"","header-main-stick-meta":"","header-below-stick-meta":"","astra-migrate-meta-layouts":"default","ast-page-background-enabled":"default","ast-page-background-meta":{"desktop":{"background-color":"var(--ast-global-color-4)","background-image":"","background-repeat":"repeat","background-position":"center center","background-size":"auto","background-attachment":"scroll","background-type":"","background-media":"","overlay-type":"","overlay-color":"","overlay-opacity":"","overlay-gradient":""},"tablet":{"background-color":"","background-image":"","background-repeat":"repeat","background-position":"center center","background-size":"auto","background-attachment":"scroll","background-type":"","background-media":"","overlay-type":"","overlay-color":"","overlay-opacity":"","overlay-gradient":""},"mobile":{"background-color":"","background-image":"","background-repeat":"repeat","background-position":"center center","background-size":"auto","background-attachment":"scroll","background-type":"","background-media":"","overlay-type":"","overlay-color":"","overlay-opacity":"","overlay-gradient":""}},"ast-content-background-meta":{"desktop":{"background-color":"var(--ast-global-color-5)","background-image":"","background-repeat":"repeat","background-position":"center center","background-size":"auto","background-attachment":"scroll","background-type":"","background-media":"","overlay-type":"","overlay-color":"","overlay-opacity":"","overlay-gradient":""},"tablet":{"background-color":"var(--ast-global-color-5)","background-image":"","background-repeat":"repeat","background-position":"center center","background-size":"auto","background-attachment":"scroll","background-type":"","background-media":"","overlay-type":"","overlay-color":"","overlay-opacity":"","overlay-gradient":""},"mobile":{"background-color":"var(--ast-global-color-5)","background-image":"","background-repeat":"repeat","background-position":"center center","background-size":"auto","background-attachment":"scroll","background-type":"","background-media":"","overlay-type":"","overlay-color":"","overlay-opacity":"","overlay-gradient":""}}},"product_brand":[],"product_cat":[687],"product_tag":[694,325,578,527,576,592,575,580,573],"class_list":{"0":"post-5382","1":"product","2":"type-product","3":"status-publish","4":"has-post-thumbnail","6":"product_cat-galvanisierte-knopfe","7":"product_tag-cosplay-de","8":"product_tag-deko-de","9":"product_tag-kleidung","10":"product_tag-mittelalter","11":"product_tag-mittelalter-de","12":"product_tag-taste-de","13":"product_tag-taste","14":"product_tag-tasten-de","15":"product_tag-tasten","16":"desktop-align-left","17":"tablet-align-left","18":"mobile-align-left","20":"first","21":"instock","22":"shipping-taxable","23":"product-type-simple"},"acf":[],"_links":{"self":[{"href":"https:\/\/www.mitform.com\/de\/wp-json\/wp\/v2\/product\/5382","targetHints":{"allow":["GET"]}}],"collection":[{"href":"https:\/\/www.mitform.com\/de\/wp-json\/wp\/v2\/product"}],"about":[{"href":"https:\/\/www.mitform.com\/de\/wp-json\/wp\/v2\/types\/product"}],"version-history":[{"count":0,"href":"https:\/\/www.mitform.com\/de\/wp-json\/wp\/v2\/product\/5382\/revisions"}],"wp:featuredmedia":[{"embeddable":true,"href":"https:\/\/www.mitform.com\/de\/wp-json\/wp\/v2\/media\/4249"}],"wp:attachment":[{"href":"https:\/\/www.mitform.com\/de\/wp-json\/wp\/v2\/media?parent=5382"}],"wp:term":[{"taxonomy":"product_brand","embeddable":true,"href":"https:\/\/www.mitform.com\/de\/wp-json\/wp\/v2\/product_brand?post=5382"},{"taxonomy":"product_cat","embeddable":true,"href":"https:\/\/www.mitform.com\/de\/wp-json\/wp\/v2\/product_cat?post=5382"},{"taxonomy":"product_tag","embeddable":true,"href":"https:\/\/www.mitform.com\/de\/wp-json\/wp\/v2\/product_tag?post=5382"}],"curies":[{"name":"wp","href":"https:\/\/api.w.org\/{rel}","templated":true}]}}