{"id":6703,"date":"2024-08-26T20:31:06","date_gmt":"2024-08-26T18:31:06","guid":{"rendered":"https:\/\/www.mitform.com\/produkt\/fob_pteranodon_znal_m\/"},"modified":"2024-08-26T20:31:06","modified_gmt":"2024-08-26T18:31:06","slug":"fob_pteranodon_znal_m","status":"publish","type":"product","link":"https:\/\/www.mitform.com\/de\/produkt\/fob_pteranodon_znal_m\/","title":{"rendered":"Fob_Pteranodon_ZNAL_M"},"content":{"rendered":"<p><span style=\"font-family: arial, helvetica, sans-serif; font-size: 14pt;\">Pteranodon Metall Schl\u00fcsselanh\u00e4nger Pteranodon_ZNAL_M, lateinischer Name Pteranodon.<\/span><span style=\"font-family: arial, helvetica, sans-serif; font-size: 14pt;\">&#8211; auf einer Seite des Gussst\u00fccks ist Platz f\u00fcr einen Harzaufkleber_3D mit Ihrem Namen\/LOGO<\/span><span style=\"font-family: arial, helvetica, sans-serif; font-size: 14pt;\">auf der anderen Seite steht der Name des Dinosauriers<\/span><span style=\"font-family: arial, helvetica, sans-serif; font-size: 14pt;\">&#8211; Abmessungen ~ 61 x 26 mm<\/span><span style=\"font-family: arial, helvetica, sans-serif; font-size: 14pt;\">&#8211; Gewicht ~ 11,6 g<\/span><span style=\"font-family: arial, helvetica, sans-serif; font-size: 14pt;\">&#8211; Abmessungen des 3D-Aufklebers aus Harz &#8211; 29 x 7,6 mm<\/span><\/p>\n","protected":false},"excerpt":{"rendered":"<p><span style=\"font-family: arial, helvetica, sans-serif; font-size: 14pt;\">Pteranodon ist ein faszinierendes Beispiel f\u00fcr ein pr\u00e4historisches fliegendes Reptil, das sowohl zu seiner Zeit als auch in der heutigen pal\u00e4ontologischen Forschung Bewunderung hervorgerufen hat.<\/span><br \/>\n<span style=\"font-family: arial, helvetica, sans-serif; font-size: 14pt;\">Dieser robuste, detaillierte und charaktervolle Pteranodon-Anh\u00e4nger aus Metall versetzt Sie Millionen von Jahren zur\u00fcck und erinnert Sie an die faszinierende Welt der Dinosaurier.<br \/>\nDas perfekte Accessoire f\u00fcr alle, die sich f\u00fcr Pal\u00e4ontologie begeistern. <\/span><\/p>\n","protected":false},"featured_media":6520,"template":"","meta":{"_acf_changed":false,"_crdt_document":"","site-sidebar-layout":"default","site-content-layout":"","ast-site-content-layout":"default","site-content-style":"default","site-sidebar-style":"default","ast-global-header-display":"","ast-banner-title-visibility":"","ast-main-header-display":"","ast-hfb-above-header-display":"","ast-hfb-below-header-display":"","ast-hfb-mobile-header-display":"","site-post-title":"","ast-breadcrumbs-content":"","ast-featured-img":"","footer-sml-layout":"","ast-disable-related-posts":"","theme-transparent-header-meta":"default","adv-header-id-meta":"","stick-header-meta":"","header-above-stick-meta":"","header-main-stick-meta":"","header-below-stick-meta":"","astra-migrate-meta-layouts":"default","ast-page-background-enabled":"default","ast-page-background-meta":{"desktop":{"background-color":"var(--ast-global-color-4)","background-image":"","background-repeat":"repeat","background-position":"center center","background-size":"auto","background-attachment":"scroll","background-type":"","background-media":"","overlay-type":"","overlay-color":"","overlay-opacity":"","overlay-gradient":""},"tablet":{"background-color":"","background-image":"","background-repeat":"repeat","background-position":"center center","background-size":"auto","background-attachment":"scroll","background-type":"","background-media":"","overlay-type":"","overlay-color":"","overlay-opacity":"","overlay-gradient":""},"mobile":{"background-color":"","background-image":"","background-repeat":"repeat","background-position":"center center","background-size":"auto","background-attachment":"scroll","background-type":"","background-media":"","overlay-type":"","overlay-color":"","overlay-opacity":"","overlay-gradient":""}},"ast-content-background-meta":{"desktop":{"background-color":"var(--ast-global-color-5)","background-image":"","background-repeat":"repeat","background-position":"center center","background-size":"auto","background-attachment":"scroll","background-type":"","background-media":"","overlay-type":"","overlay-color":"","overlay-opacity":"","overlay-gradient":""},"tablet":{"background-color":"var(--ast-global-color-5)","background-image":"","background-repeat":"repeat","background-position":"center center","background-size":"auto","background-attachment":"scroll","background-type":"","background-media":"","overlay-type":"","overlay-color":"","overlay-opacity":"","overlay-gradient":""},"mobile":{"background-color":"var(--ast-global-color-5)","background-image":"","background-repeat":"repeat","background-position":"center center","background-size":"auto","background-attachment":"scroll","background-type":"","background-media":"","overlay-type":"","overlay-color":"","overlay-opacity":"","overlay-gradient":""}}},"product_brand":[],"product_cat":[850,876],"product_tag":[883,861,852,862,890,892,477,695,886,879,894,896,898,885,614,327,326,899,881,900,901,888,690],"class_list":{"0":"post-6703","1":"product","2":"type-product","3":"status-publish","4":"has-post-thumbnail","6":"product_cat-nachrichten","7":"product_cat-schlusselanhanger","8":"product_tag-anhanger","9":"product_tag-dino-de","10":"product_tag-dinosaurier","11":"product_tag-diplodocus-de","12":"product_tag-gadget-de","13":"product_tag-geschenk","14":"product_tag-giesen","15":"product_tag-legierung","16":"product_tag-memoris-de","17":"product_tag-metall-de-2","18":"product_tag-parasaurolophus","19":"product_tag-protoceratops-de","20":"product_tag-pteranodon-de","21":"product_tag-schlusselanhanger-de","22":"product_tag-schlusselanhanger","23":"product_tag-souvenir-de-2","24":"product_tag-souvenir-de","25":"product_tag-spinosaurus-de","26":"product_tag-t-rex-de","27":"product_tag-triceratops-de","28":"product_tag-tyrannosaurier_rex","29":"product_tag-werbung","30":"product_tag-znal-de","31":"desktop-align-left","32":"tablet-align-left","33":"mobile-align-left","35":"first","36":"instock","37":"shipping-taxable","38":"product-type-simple"},"acf":[],"_links":{"self":[{"href":"https:\/\/www.mitform.com\/de\/wp-json\/wp\/v2\/product\/6703","targetHints":{"allow":["GET"]}}],"collection":[{"href":"https:\/\/www.mitform.com\/de\/wp-json\/wp\/v2\/product"}],"about":[{"href":"https:\/\/www.mitform.com\/de\/wp-json\/wp\/v2\/types\/product"}],"version-history":[{"count":0,"href":"https:\/\/www.mitform.com\/de\/wp-json\/wp\/v2\/product\/6703\/revisions"}],"wp:featuredmedia":[{"embeddable":true,"href":"https:\/\/www.mitform.com\/de\/wp-json\/wp\/v2\/media\/6520"}],"wp:attachment":[{"href":"https:\/\/www.mitform.com\/de\/wp-json\/wp\/v2\/media?parent=6703"}],"wp:term":[{"taxonomy":"product_brand","embeddable":true,"href":"https:\/\/www.mitform.com\/de\/wp-json\/wp\/v2\/product_brand?post=6703"},{"taxonomy":"product_cat","embeddable":true,"href":"https:\/\/www.mitform.com\/de\/wp-json\/wp\/v2\/product_cat?post=6703"},{"taxonomy":"product_tag","embeddable":true,"href":"https:\/\/www.mitform.com\/de\/wp-json\/wp\/v2\/product_tag?post=6703"}],"curies":[{"name":"wp","href":"https:\/\/api.w.org\/{rel}","templated":true}]}}