{"id":5209,"date":"2021-01-15T22:19:09","date_gmt":"2021-01-15T21:19:09","guid":{"rendered":"https:\/\/www.mitform.com\/produkt\/mitform_set_flowers_2\/"},"modified":"2021-01-15T22:19:09","modified_gmt":"2021-01-15T21:19:09","slug":"mitform_set_flowers_2","status":"publish","type":"product","link":"https:\/\/www.mitform.com\/es\/produkt\/mitform_set_flowers_2\/","title":{"rendered":"MITFORM_SET_FLOWERS_2"},"content":{"rendered":"<p><span style=\"font-size: 14pt;\">&#8211; dimensiones: 92 x 160 mm;<\/span><br \/>\n<span style=\"font-size: 14pt;\">&#8211; dimensiones: 3,62 x 6,30&#8243;;<\/span><br \/>\n<span style=\"font-size: 14pt;\">&#8211; peso: 36 g;<\/span><\/p>\n<p><span style=\"font-size: 14pt;\">El kit incluye:<\/span><\/p>\n<p><strong><span style=\"font-size: 14pt;\">Tulip\u00e1n\/Tulip_1_STE<\/span><\/strong><br \/>\n<span style=\"font-size: 14pt;\">&#8211; dimensiones 50 x 50 mm;<\/span><br \/>\n<span style=\"font-size: 14pt;\">&#8211; dimensiones 1,94&#8243; x 1,94&#8243;;<\/span><br \/>\n<span style=\"font-size: 14pt;\">&#8211; peso 16 g;<\/span><br \/>\n<span style=\"font-size: 14pt;\">&#8211; Galvanoplastia: lat\u00f3n + p\u00e1tina + frotamiento + laca;<\/span><br \/>\n<strong><span style=\"font-size: 14pt;\">Tulip\u00e1n\/Tulip\u00e1n_2_STE<\/span><\/strong><br \/>\n<span style=\"font-size: 14pt;\">&#8211; dimensiones 71 x 25 mm;<\/span><br \/>\n<span style=\"font-size: 14pt;\">&#8211; Dimensiones 2,82&#8243; x 0,92&#8243;;<\/span><br \/>\n<span style=\"font-size: 14pt;\">&#8211; peso 12,3 g;<\/span><br \/>\n<span style=\"font-size: 14pt;\">&#8211; Galvanoplastia: lat\u00f3n + p\u00e1tina + frotamiento + laca;<\/span><\/p>\n","protected":false},"excerpt":{"rendered":"<p>&#8211; dimensiones: 92 x 160 mm; &#8211; dimensiones: 3,62 x 6,30&#8243;; &#8211; peso: 36 g; El kit incluye: Tulip\u00e1n\/Tulip_1_STE &#8211; dimensiones 50 x 50 mm; &#8211; dimensiones 1,94&#8243; x 1,94&#8243;; &#8211; peso 16 g; &#8211; Galvanoplastia: lat\u00f3n + p\u00e1tina + frotamiento + laca; Tulip\u00e1n\/Tulip\u00e1n_2_STE &#8211; dimensiones 71 x 25 mm; &#8211; Dimensiones 2,82&#8243; x 0,92&#8243;; [&hellip;]<\/p>\n","protected":false},"featured_media":3176,"template":"","meta":{"_acf_changed":false,"_crdt_document":"","site-sidebar-layout":"default","site-content-layout":"","ast-site-content-layout":"default","site-content-style":"default","site-sidebar-style":"default","ast-global-header-display":"","ast-banner-title-visibility":"","ast-main-header-display":"","ast-hfb-above-header-display":"","ast-hfb-below-header-display":"","ast-hfb-mobile-header-display":"","site-post-title":"","ast-breadcrumbs-content":"","ast-featured-img":"","footer-sml-layout":"","ast-disable-related-posts":"","theme-transparent-header-meta":"","adv-header-id-meta":"","stick-header-meta":"","header-above-stick-meta":"","header-main-stick-meta":"","header-below-stick-meta":"","astra-migrate-meta-layouts":"default","ast-page-background-enabled":"default","ast-page-background-meta":{"desktop":{"background-color":"var(--ast-global-color-4)","background-image":"","background-repeat":"repeat","background-position":"center center","background-size":"auto","background-attachment":"scroll","background-type":"","background-media":"","overlay-type":"","overlay-color":"","overlay-opacity":"","overlay-gradient":""},"tablet":{"background-color":"","background-image":"","background-repeat":"repeat","background-position":"center center","background-size":"auto","background-attachment":"scroll","background-type":"","background-media":"","overlay-type":"","overlay-color":"","overlay-opacity":"","overlay-gradient":""},"mobile":{"background-color":"","background-image":"","background-repeat":"repeat","background-position":"center center","background-size":"auto","background-attachment":"scroll","background-type":"","background-media":"","overlay-type":"","overlay-color":"","overlay-opacity":"","overlay-gradient":""}},"ast-content-background-meta":{"desktop":{"background-color":"var(--ast-global-color-5)","background-image":"","background-repeat":"repeat","background-position":"center center","background-size":"auto","background-attachment":"scroll","background-type":"","background-media":"","overlay-type":"","overlay-color":"","overlay-opacity":"","overlay-gradient":""},"tablet":{"background-color":"var(--ast-global-color-5)","background-image":"","background-repeat":"repeat","background-position":"center center","background-size":"auto","background-attachment":"scroll","background-type":"","background-media":"","overlay-type":"","overlay-color":"","overlay-opacity":"","overlay-gradient":""},"mobile":{"background-color":"var(--ast-global-color-5)","background-image":"","background-repeat":"repeat","background-position":"center center","background-size":"auto","background-attachment":"scroll","background-type":"","background-media":"","overlay-type":"","overlay-color":"","overlay-opacity":"","overlay-gradient":""}}},"product_brand":[],"product_cat":[159],"product_tag":[],"class_list":{"0":"post-5209","1":"product","2":"type-product","3":"status-publish","4":"has-post-thumbnail","6":"product_cat-decoraciones-en-envases","7":"desktop-align-left","8":"tablet-align-left","9":"mobile-align-left","11":"first","12":"instock","13":"shipping-taxable","14":"product-type-simple"},"acf":[],"_links":{"self":[{"href":"https:\/\/www.mitform.com\/es\/wp-json\/wp\/v2\/product\/5209","targetHints":{"allow":["GET"]}}],"collection":[{"href":"https:\/\/www.mitform.com\/es\/wp-json\/wp\/v2\/product"}],"about":[{"href":"https:\/\/www.mitform.com\/es\/wp-json\/wp\/v2\/types\/product"}],"version-history":[{"count":0,"href":"https:\/\/www.mitform.com\/es\/wp-json\/wp\/v2\/product\/5209\/revisions"}],"wp:featuredmedia":[{"embeddable":true,"href":"https:\/\/www.mitform.com\/es\/wp-json\/wp\/v2\/media\/3176"}],"wp:attachment":[{"href":"https:\/\/www.mitform.com\/es\/wp-json\/wp\/v2\/media?parent=5209"}],"wp:term":[{"taxonomy":"product_brand","embeddable":true,"href":"https:\/\/www.mitform.com\/es\/wp-json\/wp\/v2\/product_brand?post=5209"},{"taxonomy":"product_cat","embeddable":true,"href":"https:\/\/www.mitform.com\/es\/wp-json\/wp\/v2\/product_cat?post=5209"},{"taxonomy":"product_tag","embeddable":true,"href":"https:\/\/www.mitform.com\/es\/wp-json\/wp\/v2\/product_tag?post=5209"}],"curies":[{"name":"wp","href":"https:\/\/api.w.org\/{rel}","templated":true}]}}