{"id":5252,"date":"2021-07-09T23:09:43","date_gmt":"2021-07-09T21:09:43","guid":{"rendered":"https:\/\/www.mitform.com\/produkt\/fosiles-fosiles_6_ste\/"},"modified":"2021-07-09T23:09:43","modified_gmt":"2021-07-09T21:09:43","slug":"metal-accessory-crafts-series-prehistoric-ammonite","status":"publish","type":"product","link":"https:\/\/www.mitform.com\/es\/produkt\/metal-accessory-crafts-series-prehistoric-ammonite\/","title":{"rendered":"F\u00f3siles\/F\u00f3siles_6_STE"},"content":{"rendered":"<p>&nbsp;<\/p>\n<h2><span style=\"color: #008080;\">Accesorio de artesan\u00eda en metal de la serie prehistoria &#8211; amonita<\/span><\/h2>\n<p><span style=\"font-size: 14pt;\">Combinaci\u00f3n de amonita con elementos mec\u00e1nicos.  <\/span><\/p>\n<p><span style=\"font-size: 14pt;\">Un excelente accesorio para utilizar en diversas t\u00e9cnicas como mixedmedia, scrapbooking , joyer\u00eda, florister\u00eda, homedeco.  <\/span><\/p>\n<p><span style=\"font-size: 14pt;\">Hermoso como acento \u00fanico o como parte de una rica composici\u00f3n.<\/span><\/p>\n<p><span style=\"font-size: 14pt;\">Puede combinarse con madera, pl\u00e1stico, tela, papel y otros metales.  <\/span><\/p>\n<p><span style=\"font-size: 14pt;\">Fijaci\u00f3n con adhesivos disponibles para t\u00e9cnicas decorativas, por ejemplo, gel para carrocer\u00edas pesadas.  <\/span><\/p>\n<p>&nbsp;<\/p>\n<p>&nbsp;<\/p>\n<p><span style=\"font-size: 14pt;\">&#8211; dimensiones 52 x 35 mm;<\/span><br \/>\n<span style=\"font-size: 14pt;\">&#8211; dimensiones 2,06&#8243; x 1,36&#8243;;<\/span><br \/>\n<span style=\"font-size: 14pt;\">&#8211; Peso aprox. 18,5 g;<\/span><br \/>\n<span style=\"font-size: 14pt;\">&#8211; galvanoplastia &#8211; lat\u00f3n + <\/span><span style=\"font-size: 14pt;\">p\u00e1tina + limpieza + lacado;<\/span><\/p>\n","protected":false},"excerpt":{"rendered":"<p>Fundici\u00f3n decorativa de metal , de la serie prehist\u00f3rica : ammonite .<\/p>\n","protected":false},"featured_media":3254,"template":"","meta":{"_acf_changed":false,"_crdt_document":"","site-sidebar-layout":"default","site-content-layout":"","ast-site-content-layout":"default","site-content-style":"default","site-sidebar-style":"default","ast-global-header-display":"","ast-banner-title-visibility":"","ast-main-header-display":"","ast-hfb-above-header-display":"","ast-hfb-below-header-display":"","ast-hfb-mobile-header-display":"","site-post-title":"","ast-breadcrumbs-content":"","ast-featured-img":"","footer-sml-layout":"","ast-disable-related-posts":"","theme-transparent-header-meta":"","adv-header-id-meta":"","stick-header-meta":"","header-above-stick-meta":"","header-main-stick-meta":"","header-below-stick-meta":"","astra-migrate-meta-layouts":"default","ast-page-background-enabled":"default","ast-page-background-meta":{"desktop":{"background-color":"var(--ast-global-color-4)","background-image":"","background-repeat":"repeat","background-position":"center center","background-size":"auto","background-attachment":"scroll","background-type":"","background-media":"","overlay-type":"","overlay-color":"","overlay-opacity":"","overlay-gradient":""},"tablet":{"background-color":"","background-image":"","background-repeat":"repeat","background-position":"center center","background-size":"auto","background-attachment":"scroll","background-type":"","background-media":"","overlay-type":"","overlay-color":"","overlay-opacity":"","overlay-gradient":""},"mobile":{"background-color":"","background-image":"","background-repeat":"repeat","background-position":"center center","background-size":"auto","background-attachment":"scroll","background-type":"","background-media":"","overlay-type":"","overlay-color":"","overlay-opacity":"","overlay-gradient":""}},"ast-content-background-meta":{"desktop":{"background-color":"var(--ast-global-color-5)","background-image":"","background-repeat":"repeat","background-position":"center center","background-size":"auto","background-attachment":"scroll","background-type":"","background-media":"","overlay-type":"","overlay-color":"","overlay-opacity":"","overlay-gradient":""},"tablet":{"background-color":"var(--ast-global-color-5)","background-image":"","background-repeat":"repeat","background-position":"center center","background-size":"auto","background-attachment":"scroll","background-type":"","background-media":"","overlay-type":"","overlay-color":"","overlay-opacity":"","overlay-gradient":""},"mobile":{"background-color":"var(--ast-global-color-5)","background-image":"","background-repeat":"repeat","background-position":"center center","background-size":"auto","background-attachment":"scroll","background-type":"","background-media":"","overlay-type":"","overlay-color":"","overlay-opacity":"","overlay-gradient":""}}},"product_brand":[],"product_cat":[508],"product_tag":[377,525,170,373,378,380,188,524,321,375,509,510,495,496,174,374,444,379,372],"class_list":{"0":"post-5252","1":"product","2":"type-product","3":"status-publish","4":"has-post-thumbnail","6":"product_cat-adornos-prehistoricos","7":"product_tag-album-de-recortes","8":"product_tag-ammonite","9":"product_tag-artesania","10":"product_tag-artesania-es","11":"product_tag-bricolaje","12":"product_tag-chatarra-es","13":"product_tag-chatarra","14":"product_tag-concha","15":"product_tag-deco-es","16":"product_tag-formato","17":"product_tag-fosiles","18":"product_tag-fosiles-es","19":"product_tag-fundicion","20":"product_tag-laton","21":"product_tag-metal-es","22":"product_tag-metal-fundido","23":"product_tag-piezas-de-fundicion-es","24":"product_tag-steampunk-es","25":"product_tag-tecnica-mixta","26":"desktop-align-left","27":"tablet-align-left","28":"mobile-align-left","30":"first","31":"instock","32":"shipping-taxable","33":"product-type-simple"},"acf":[],"_links":{"self":[{"href":"https:\/\/www.mitform.com\/es\/wp-json\/wp\/v2\/product\/5252","targetHints":{"allow":["GET"]}}],"collection":[{"href":"https:\/\/www.mitform.com\/es\/wp-json\/wp\/v2\/product"}],"about":[{"href":"https:\/\/www.mitform.com\/es\/wp-json\/wp\/v2\/types\/product"}],"version-history":[{"count":0,"href":"https:\/\/www.mitform.com\/es\/wp-json\/wp\/v2\/product\/5252\/revisions"}],"wp:featuredmedia":[{"embeddable":true,"href":"https:\/\/www.mitform.com\/es\/wp-json\/wp\/v2\/media\/3254"}],"wp:attachment":[{"href":"https:\/\/www.mitform.com\/es\/wp-json\/wp\/v2\/media?parent=5252"}],"wp:term":[{"taxonomy":"product_brand","embeddable":true,"href":"https:\/\/www.mitform.com\/es\/wp-json\/wp\/v2\/product_brand?post=5252"},{"taxonomy":"product_cat","embeddable":true,"href":"https:\/\/www.mitform.com\/es\/wp-json\/wp\/v2\/product_cat?post=5252"},{"taxonomy":"product_tag","embeddable":true,"href":"https:\/\/www.mitform.com\/es\/wp-json\/wp\/v2\/product_tag?post=5252"}],"curies":[{"name":"wp","href":"https:\/\/api.w.org\/{rel}","templated":true}]}}