{"id":5274,"date":"2021-07-09T23:09:43","date_gmt":"2021-07-09T21:09:43","guid":{"rendered":"https:\/\/www.mitform.com\/produkt\/fosiles-fosiles_5_ste\/"},"modified":"2021-07-09T23:09:43","modified_gmt":"2021-07-09T21:09:43","slug":"metal-cast-steampunk-ammonite","status":"publish","type":"product","link":"https:\/\/www.mitform.com\/es\/produkt\/metal-cast-steampunk-ammonite\/","title":{"rendered":"F\u00f3siles\/F\u00f3siles_5_STE"},"content":{"rendered":"<h1><span style=\"font-size: 18pt; color: #008080;\">Fundici\u00f3n de metal que representa un f\u00f3sil: ammonite steampunk<\/span><\/h1>\n<p><span style=\"font-size: 14pt;\">  Ideal para proyectos de tem\u00e1tica prehist\u00f3rica o que hagan referencia a la naturaleza ,  <\/span><\/p>\n<p><span style=\"font-size: 14pt;\">puede ser un complemento interesante en obras steampunk.<\/span><span style=\"font-size: large;\">Hermoso como una sola pieza de acento <\/span> <\/p>\n<p><span style=\"font-size: large;\">o <\/span><span style=\"font-size: large;\">un elemento de una composici\u00f3n rica.<\/span><\/p>\n<p><span style=\"font-size: large;\">Un accesorio excelente para utilizar en diversas t\u00e9cnicas como mixedmedia, scrapbooking , joyer\u00eda, florister\u00eda, homedeco.  <\/span><\/p>\n<p><span style=\"font-size: large;\">Puede combinarse con madera, pl\u00e1stico, tela, papel y otros metales.  <\/span><\/p>\n<p><span style=\"font-size: large;\">Fijaci\u00f3n con adhesivos disponibles para t\u00e9cnicas decorativas, por ejemplo, gel para carrocer\u00edas pesadas<\/span><\/p>\n<p>&nbsp;<\/p>\n<p>&nbsp;<\/p>\n<p><span style=\"font-size: 14pt;\">&#8211; dimensiones 35 x 25 mm;<\/span><br \/>\n<span style=\"font-size: 14pt;\">&#8211; dimensiones 1,38&#8243; x 1,01&#8243;;<\/span><br \/>\n<span style=\"font-size: 14pt;\">&#8211; peso aprox. 13 g;<\/span><br \/>\n<span style=\"font-size: 14pt;\">&#8211; Galvanoplastia &#8211; Lat\u00f3n + p\u00e1tina + frotamiento + laca;<\/span><\/p>\n","protected":false},"excerpt":{"rendered":"<p>Fundici\u00f3n de metal que representa un f\u00f3sil: ammonite steampunk Ideal para proyectos de tem\u00e1tica prehist\u00f3rica o que hagan referencia a la naturaleza , puede ser un complemento interesante en obras steampunk.Hermoso como una sola pieza de acento o un elemento de una composici\u00f3n rica. Un accesorio excelente para utilizar en diversas t\u00e9cnicas como mixedmedia, scrapbooking [&hellip;]<\/p>\n","protected":false},"featured_media":3251,"template":"","meta":{"_acf_changed":false,"_crdt_document":"","site-sidebar-layout":"default","site-content-layout":"","ast-site-content-layout":"default","site-content-style":"default","site-sidebar-style":"default","ast-global-header-display":"","ast-banner-title-visibility":"","ast-main-header-display":"","ast-hfb-above-header-display":"","ast-hfb-below-header-display":"","ast-hfb-mobile-header-display":"","site-post-title":"","ast-breadcrumbs-content":"","ast-featured-img":"","footer-sml-layout":"","ast-disable-related-posts":"","theme-transparent-header-meta":"","adv-header-id-meta":"","stick-header-meta":"","header-above-stick-meta":"","header-main-stick-meta":"","header-below-stick-meta":"","astra-migrate-meta-layouts":"default","ast-page-background-enabled":"default","ast-page-background-meta":{"desktop":{"background-color":"var(--ast-global-color-4)","background-image":"","background-repeat":"repeat","background-position":"center center","background-size":"auto","background-attachment":"scroll","background-type":"","background-media":"","overlay-type":"","overlay-color":"","overlay-opacity":"","overlay-gradient":""},"tablet":{"background-color":"","background-image":"","background-repeat":"repeat","background-position":"center center","background-size":"auto","background-attachment":"scroll","background-type":"","background-media":"","overlay-type":"","overlay-color":"","overlay-opacity":"","overlay-gradient":""},"mobile":{"background-color":"","background-image":"","background-repeat":"repeat","background-position":"center center","background-size":"auto","background-attachment":"scroll","background-type":"","background-media":"","overlay-type":"","overlay-color":"","overlay-opacity":"","overlay-gradient":""}},"ast-content-background-meta":{"desktop":{"background-color":"var(--ast-global-color-5)","background-image":"","background-repeat":"repeat","background-position":"center center","background-size":"auto","background-attachment":"scroll","background-type":"","background-media":"","overlay-type":"","overlay-color":"","overlay-opacity":"","overlay-gradient":""},"tablet":{"background-color":"var(--ast-global-color-5)","background-image":"","background-repeat":"repeat","background-position":"center center","background-size":"auto","background-attachment":"scroll","background-type":"","background-media":"","overlay-type":"","overlay-color":"","overlay-opacity":"","overlay-gradient":""},"mobile":{"background-color":"var(--ast-global-color-5)","background-image":"","background-repeat":"repeat","background-position":"center center","background-size":"auto","background-attachment":"scroll","background-type":"","background-media":"","overlay-type":"","overlay-color":"","overlay-opacity":"","overlay-gradient":""}}},"product_brand":[],"product_cat":[508],"product_tag":[185,187,525,373,189,188,380,321,172,583,510,495,586,532,174,374,444,379,372],"class_list":{"0":"post-5274","1":"product","2":"type-product","3":"status-publish","4":"has-post-thumbnail","6":"product_cat-adornos-prehistoricos","7":"product_tag-adornos-metalicos","8":"product_tag-adornos-metalicos-es","9":"product_tag-ammonite","10":"product_tag-artesania-es","11":"product_tag-articulos-de-metal","12":"product_tag-chatarra","13":"product_tag-chatarra-es","14":"product_tag-deco-es","15":"product_tag-decoracion","16":"product_tag-fosil","17":"product_tag-fosiles-es","18":"product_tag-fundicion","19":"product_tag-joyeria-es","20":"product_tag-joyeria","21":"product_tag-metal-es","22":"product_tag-metal-fundido","23":"product_tag-piezas-de-fundicion-es","24":"product_tag-steampunk-es","25":"product_tag-tecnica-mixta","26":"desktop-align-left","27":"tablet-align-left","28":"mobile-align-left","30":"first","31":"instock","32":"shipping-taxable","33":"product-type-simple"},"acf":[],"_links":{"self":[{"href":"https:\/\/www.mitform.com\/es\/wp-json\/wp\/v2\/product\/5274","targetHints":{"allow":["GET"]}}],"collection":[{"href":"https:\/\/www.mitform.com\/es\/wp-json\/wp\/v2\/product"}],"about":[{"href":"https:\/\/www.mitform.com\/es\/wp-json\/wp\/v2\/types\/product"}],"version-history":[{"count":0,"href":"https:\/\/www.mitform.com\/es\/wp-json\/wp\/v2\/product\/5274\/revisions"}],"wp:featuredmedia":[{"embeddable":true,"href":"https:\/\/www.mitform.com\/es\/wp-json\/wp\/v2\/media\/3251"}],"wp:attachment":[{"href":"https:\/\/www.mitform.com\/es\/wp-json\/wp\/v2\/media?parent=5274"}],"wp:term":[{"taxonomy":"product_brand","embeddable":true,"href":"https:\/\/www.mitform.com\/es\/wp-json\/wp\/v2\/product_brand?post=5274"},{"taxonomy":"product_cat","embeddable":true,"href":"https:\/\/www.mitform.com\/es\/wp-json\/wp\/v2\/product_cat?post=5274"},{"taxonomy":"product_tag","embeddable":true,"href":"https:\/\/www.mitform.com\/es\/wp-json\/wp\/v2\/product_tag?post=5274"}],"curies":[{"name":"wp","href":"https:\/\/api.w.org\/{rel}","templated":true}]}}