{"id":5403,"date":"2023-05-16T22:16:48","date_gmt":"2023-05-16T20:16:48","guid":{"rendered":"https:\/\/www.mitform.com\/produkt\/iman-_locomotive_px-29_steam\/"},"modified":"2025-04-10T20:37:01","modified_gmt":"2025-04-10T18:37:01","slug":"magnet-locomotive_-x-29-steamer","status":"publish","type":"product","link":"https:\/\/www.mitform.com\/es\/produkt\/magnet-locomotive_-x-29-steamer\/","title":{"rendered":"im\u00e1n _locomotive_Px-29_steam"},"content":{"rendered":"<p><span style=\"font-family: arial, helvetica, sans-serif; font-size: 14pt;\">Imanes met\u00e1licos con forma de locomotora, fabricados seg\u00fan el dise\u00f1o del cliente.<\/span><br \/>\n<span style=\"font-family: arial, helvetica, sans-serif; font-size: 14pt;\">Galvanizados en color oro viejo.<\/span><br \/>\n<span style=\"font-family: arial, helvetica, sans-serif; font-size: 14pt;\">Producto disponible en exclusiva para nuestro cliente.<\/span><\/p>\n<p><span style=\"font-family: arial, helvetica, sans-serif; font-size: 14pt;\">Visita<a href=\"https:\/\/muzeumkolejnictwa.pl\/\">:https:\/\/muzeumkolejnictwa.pl\/<\/a><\/span><\/p>\n","protected":false},"excerpt":{"rendered":"<p>Imanes met\u00e1licos con forma de locomotora, fabricados seg\u00fan el dise\u00f1o del cliente. Galvanizados en color oro viejo. Producto disponible en exclusiva para nuestro cliente. Visita:https:\/\/muzeumkolejnictwa.pl\/<\/p>\n","protected":false},"featured_media":4148,"template":"","meta":{"_acf_changed":false,"_crdt_document":"","site-sidebar-layout":"default","site-content-layout":"default","ast-site-content-layout":"default","site-content-style":"default","site-sidebar-style":"default","ast-global-header-display":"","ast-banner-title-visibility":"","ast-main-header-display":"","ast-hfb-above-header-display":"","ast-hfb-below-header-display":"","ast-hfb-mobile-header-display":"","site-post-title":"","ast-breadcrumbs-content":"","ast-featured-img":"","footer-sml-layout":"","ast-disable-related-posts":"","theme-transparent-header-meta":"default","adv-header-id-meta":"","stick-header-meta":"","header-above-stick-meta":"","header-main-stick-meta":"","header-below-stick-meta":"","astra-migrate-meta-layouts":"default","ast-page-background-enabled":"default","ast-page-background-meta":{"desktop":{"background-color":"var(--ast-global-color-4)","background-image":"","background-repeat":"repeat","background-position":"center center","background-size":"auto","background-attachment":"scroll","background-type":"","background-media":"","overlay-type":"","overlay-color":"","overlay-opacity":"","overlay-gradient":""},"tablet":{"background-color":"","background-image":"","background-repeat":"repeat","background-position":"center center","background-size":"auto","background-attachment":"scroll","background-type":"","background-media":"","overlay-type":"","overlay-color":"","overlay-opacity":"","overlay-gradient":""},"mobile":{"background-color":"","background-image":"","background-repeat":"repeat","background-position":"center center","background-size":"auto","background-attachment":"scroll","background-type":"","background-media":"","overlay-type":"","overlay-color":"","overlay-opacity":"","overlay-gradient":""}},"ast-content-background-meta":{"desktop":{"background-color":"var(--ast-global-color-5)","background-image":"","background-repeat":"repeat","background-position":"center center","background-size":"auto","background-attachment":"scroll","background-type":"","background-media":"","overlay-type":"","overlay-color":"","overlay-opacity":"","overlay-gradient":""},"tablet":{"background-color":"var(--ast-global-color-5)","background-image":"","background-repeat":"repeat","background-position":"center center","background-size":"auto","background-attachment":"scroll","background-type":"","background-media":"","overlay-type":"","overlay-color":"","overlay-opacity":"","overlay-gradient":""},"mobile":{"background-color":"var(--ast-global-color-5)","background-image":"","background-repeat":"repeat","background-position":"center center","background-size":"auto","background-attachment":"scroll","background-type":"","background-media":"","overlay-type":"","overlay-color":"","overlay-opacity":"","overlay-gradient":""}}},"product_brand":[],"product_cat":[179,855],"product_tag":[187,726,321,319,172,446,447,699,449,448,374,322,324],"class_list":{"0":"post-5403","1":"product","2":"type-product","3":"status-publish","4":"has-post-thumbnail","6":"product_cat-fundiciones-conmemorativas","7":"product_cat-imanes","8":"product_tag-adornos-metalicos-es","9":"product_tag-com-es","10":"product_tag-deco-es","11":"product_tag-decoracion-es","12":"product_tag-decoracion","13":"product_tag-iman","14":"product_tag-iman-es","15":"product_tag-iman-de-nevera","16":"product_tag-iman-de-recuerdo","17":"product_tag-locomotora-conmemorativa","18":"product_tag-metal-fundido","19":"product_tag-recuerdo","20":"product_tag-recuerdo-es","21":"desktop-align-left","22":"tablet-align-left","23":"mobile-align-left","25":"first","26":"instock","27":"shipping-taxable","28":"product-type-simple"},"acf":[],"_links":{"self":[{"href":"https:\/\/www.mitform.com\/es\/wp-json\/wp\/v2\/product\/5403","targetHints":{"allow":["GET"]}}],"collection":[{"href":"https:\/\/www.mitform.com\/es\/wp-json\/wp\/v2\/product"}],"about":[{"href":"https:\/\/www.mitform.com\/es\/wp-json\/wp\/v2\/types\/product"}],"version-history":[{"count":0,"href":"https:\/\/www.mitform.com\/es\/wp-json\/wp\/v2\/product\/5403\/revisions"}],"wp:featuredmedia":[{"embeddable":true,"href":"https:\/\/www.mitform.com\/es\/wp-json\/wp\/v2\/media\/4148"}],"wp:attachment":[{"href":"https:\/\/www.mitform.com\/es\/wp-json\/wp\/v2\/media?parent=5403"}],"wp:term":[{"taxonomy":"product_brand","embeddable":true,"href":"https:\/\/www.mitform.com\/es\/wp-json\/wp\/v2\/product_brand?post=5403"},{"taxonomy":"product_cat","embeddable":true,"href":"https:\/\/www.mitform.com\/es\/wp-json\/wp\/v2\/product_cat?post=5403"},{"taxonomy":"product_tag","embeddable":true,"href":"https:\/\/www.mitform.com\/es\/wp-json\/wp\/v2\/product_tag?post=5403"}],"curies":[{"name":"wp","href":"https:\/\/api.w.org\/{rel}","templated":true}]}}