{"id":5406,"date":"2023-05-14T17:57:03","date_gmt":"2023-05-14T15:57:03","guid":{"rendered":"https:\/\/www.mitform.com\/produkt\/boton_o10mm_aleacion_estano\/"},"modified":"2023-05-14T17:57:03","modified_gmt":"2023-05-14T15:57:03","slug":"button_o10mm_tin_alloy-2","status":"publish","type":"product","link":"https:\/\/www.mitform.com\/es\/produkt\/button_o10mm_tin_alloy-2\/","title":{"rendered":"Bot\u00f3n_\u00f810mm_aleaci\u00f3n_esta\u00f1o"},"content":{"rendered":"<p><span style=\"font-family: arial, helvetica, sans-serif; font-size: 18pt;\">Botones_tzw_guzy_\u00f810mm_stop_cyny<br \/>\n<\/span><br \/>\n<span style=\"font-family: arial, helvetica, sans-serif; font-size: 14pt;\">&#8211; dimensiones ~ \u00f810 x 10 mm;<\/span><br \/>\n<span style=\"font-family: arial, helvetica, sans-serif; font-size: 14pt;\">&#8211; dimensiones ~ \u00f80,39 x 0,39&#8243;;<\/span><br \/>\n<span style=\"font-family: arial, helvetica, sans-serif; font-size: 14pt;\">&#8211; Peso ~ 2,7 g;<\/span><\/p>\n<p><span style=\"font-family: arial, helvetica, sans-serif; font-size: 14pt;\">Descripci\u00f3n:<\/span><br \/>\n<span style=\"font-family: arial, helvetica, sans-serif; font-size: 14pt;\">&#8211; bot\u00f3n de aleaci\u00f3n de esta\u00f1o;<\/span><br \/>\n<span style=\"font-family: arial, helvetica, sans-serif; font-size: 14pt;\">&#8211; durante todo el periodo medieval;<\/span><br \/>\n<span style=\"font-family: arial, helvetica, sans-serif; font-size: 14pt;\">&#8211; un hallazgo del centro de Inglaterra;<\/span><\/p>\n<p>&nbsp;<\/p>\n","protected":false},"excerpt":{"rendered":"<p>Botones_tzw_guzy_\u00f810mm_stop_cyny &#8211; dimensiones ~ \u00f810 x 10 mm; &#8211; dimensiones ~ \u00f80,39 x 0,39&#8243;; &#8211; Peso ~ 2,7 g; Descripci\u00f3n: &#8211; bot\u00f3n de aleaci\u00f3n de esta\u00f1o; &#8211; durante todo el periodo medieval; &#8211; un hallazgo del centro de Inglaterra; &nbsp;<\/p>\n","protected":false},"featured_media":3543,"template":"","meta":{"_acf_changed":false,"_crdt_document":"","site-sidebar-layout":"default","site-content-layout":"content-boxed-container","ast-site-content-layout":"default","site-content-style":"default","site-sidebar-style":"default","ast-global-header-display":"","ast-banner-title-visibility":"","ast-main-header-display":"","ast-hfb-above-header-display":"","ast-hfb-below-header-display":"","ast-hfb-mobile-header-display":"","site-post-title":"disabled","ast-breadcrumbs-content":"","ast-featured-img":"","footer-sml-layout":"","ast-disable-related-posts":"","theme-transparent-header-meta":"default","adv-header-id-meta":"","stick-header-meta":"","header-above-stick-meta":"","header-main-stick-meta":"","header-below-stick-meta":"","astra-migrate-meta-layouts":"default","ast-page-background-enabled":"default","ast-page-background-meta":{"desktop":{"background-color":"var(--ast-global-color-4)","background-image":"","background-repeat":"repeat","background-position":"center center","background-size":"auto","background-attachment":"scroll","background-type":"","background-media":"","overlay-type":"","overlay-color":"","overlay-opacity":"","overlay-gradient":""},"tablet":{"background-color":"","background-image":"","background-repeat":"repeat","background-position":"center center","background-size":"auto","background-attachment":"scroll","background-type":"","background-media":"","overlay-type":"","overlay-color":"","overlay-opacity":"","overlay-gradient":""},"mobile":{"background-color":"","background-image":"","background-repeat":"repeat","background-position":"center center","background-size":"auto","background-attachment":"scroll","background-type":"","background-media":"","overlay-type":"","overlay-color":"","overlay-opacity":"","overlay-gradient":""}},"ast-content-background-meta":{"desktop":{"background-color":"var(--ast-global-color-5)","background-image":"","background-repeat":"repeat","background-position":"center center","background-size":"auto","background-attachment":"scroll","background-type":"","background-media":"","overlay-type":"","overlay-color":"","overlay-opacity":"","overlay-gradient":""},"tablet":{"background-color":"var(--ast-global-color-5)","background-image":"","background-repeat":"repeat","background-position":"center center","background-size":"auto","background-attachment":"scroll","background-type":"","background-media":"","overlay-type":"","overlay-color":"","overlay-opacity":"","overlay-gradient":""},"mobile":{"background-color":"var(--ast-global-color-5)","background-image":"","background-repeat":"repeat","background-position":"center center","background-size":"auto","background-attachment":"scroll","background-type":"","background-media":"","overlay-type":"","overlay-color":"","overlay-opacity":"","overlay-gradient":""}}},"product_brand":[],"product_cat":[566,410],"product_tag":[535,626,636,635,640,634,319,539,528,585,674,728,729,637,730],"class_list":{"0":"post-5406","1":"product","2":"type-product","3":"status-publish","4":"has-post-thumbnail","6":"product_cat-escayolas-para-la-reconstruccion","7":"product_cat-yesos-para-reconstrucciones-historicas-y-botones","8":"product_tag-aleacion-de-estano","9":"product_tag-aleacion-diminuta","10":"product_tag-boton-es","11":"product_tag-boton","12":"product_tag-botones-es","13":"product_tag-botones-2","14":"product_tag-decoracion-es","15":"product_tag-disfraz","16":"product_tag-edad-media","17":"product_tag-estano-es","18":"product_tag-midleage-es","19":"product_tag-pequeno","20":"product_tag-ropa-es-3","21":"product_tag-ropa","22":"product_tag-trajes-medievales","23":"desktop-align-left","24":"tablet-align-left","25":"mobile-align-left","27":"first","28":"instock","29":"shipping-taxable","30":"product-type-simple"},"acf":[],"_links":{"self":[{"href":"https:\/\/www.mitform.com\/es\/wp-json\/wp\/v2\/product\/5406","targetHints":{"allow":["GET"]}}],"collection":[{"href":"https:\/\/www.mitform.com\/es\/wp-json\/wp\/v2\/product"}],"about":[{"href":"https:\/\/www.mitform.com\/es\/wp-json\/wp\/v2\/types\/product"}],"version-history":[{"count":0,"href":"https:\/\/www.mitform.com\/es\/wp-json\/wp\/v2\/product\/5406\/revisions"}],"wp:featuredmedia":[{"embeddable":true,"href":"https:\/\/www.mitform.com\/es\/wp-json\/wp\/v2\/media\/3543"}],"wp:attachment":[{"href":"https:\/\/www.mitform.com\/es\/wp-json\/wp\/v2\/media?parent=5406"}],"wp:term":[{"taxonomy":"product_brand","embeddable":true,"href":"https:\/\/www.mitform.com\/es\/wp-json\/wp\/v2\/product_brand?post=5406"},{"taxonomy":"product_cat","embeddable":true,"href":"https:\/\/www.mitform.com\/es\/wp-json\/wp\/v2\/product_cat?post=5406"},{"taxonomy":"product_tag","embeddable":true,"href":"https:\/\/www.mitform.com\/es\/wp-json\/wp\/v2\/product_tag?post=5406"}],"curies":[{"name":"wp","href":"https:\/\/api.w.org\/{rel}","templated":true}]}}