{"id":6709,"date":"2024-08-25T19:58:54","date_gmt":"2024-08-25T17:58:54","guid":{"rendered":"https:\/\/www.mitform.com\/produkt\/iman_protoceratops_znal_m\/"},"modified":"2024-08-25T19:58:54","modified_gmt":"2024-08-25T17:58:54","slug":"iman_protoceratops_znal_m","status":"publish","type":"product","link":"https:\/\/www.mitform.com\/es\/produkt\/iman_protoceratops_znal_m\/","title":{"rendered":"Im\u00e1n_Protoceratops_ZNAL_M"},"content":{"rendered":"<p>Im\u00e1n Protoceratops Im\u00e1n_Protoceratops_ZNAL_M, nombre latino Protoceratops.<br \/>\n&#8211; espacio para pegatina de resina_3D con tu nombre\/LOGO &#8211; dimensiones ~ 44 x 45 mm &#8211; peso ~ 16,9 g &#8211; dimensiones de la pegatina de resina 3D &#8211; 29 x 7,6 mm <\/p>\n","protected":false},"excerpt":{"rendered":"<p>Im\u00e1n Protoceratops \u00a1Un im\u00e1n \u00fanico que te transporta directamente a la era de los dinosaurios!<br \/>\nMetal s\u00f3lido, \u00a1hermoso! <\/p>\n","protected":false},"featured_media":6545,"template":"","meta":{"_acf_changed":false,"_crdt_document":"","site-sidebar-layout":"default","site-content-layout":"","ast-site-content-layout":"default","site-content-style":"default","site-sidebar-style":"default","ast-global-header-display":"","ast-banner-title-visibility":"","ast-main-header-display":"","ast-hfb-above-header-display":"","ast-hfb-below-header-display":"","ast-hfb-mobile-header-display":"","site-post-title":"","ast-breadcrumbs-content":"","ast-featured-img":"","footer-sml-layout":"","ast-disable-related-posts":"","theme-transparent-header-meta":"default","adv-header-id-meta":"","stick-header-meta":"","header-above-stick-meta":"","header-main-stick-meta":"","header-below-stick-meta":"","astra-migrate-meta-layouts":"default","ast-page-background-enabled":"default","ast-page-background-meta":{"desktop":{"background-color":"var(--ast-global-color-4)","background-image":"","background-repeat":"repeat","background-position":"center center","background-size":"auto","background-attachment":"scroll","background-type":"","background-media":"","overlay-type":"","overlay-color":"","overlay-opacity":"","overlay-gradient":""},"tablet":{"background-color":"","background-image":"","background-repeat":"repeat","background-position":"center center","background-size":"auto","background-attachment":"scroll","background-type":"","background-media":"","overlay-type":"","overlay-color":"","overlay-opacity":"","overlay-gradient":""},"mobile":{"background-color":"","background-image":"","background-repeat":"repeat","background-position":"center center","background-size":"auto","background-attachment":"scroll","background-type":"","background-media":"","overlay-type":"","overlay-color":"","overlay-opacity":"","overlay-gradient":""}},"ast-content-background-meta":{"desktop":{"background-color":"var(--ast-global-color-5)","background-image":"","background-repeat":"repeat","background-position":"center center","background-size":"auto","background-attachment":"scroll","background-type":"","background-media":"","overlay-type":"","overlay-color":"","overlay-opacity":"","overlay-gradient":""},"tablet":{"background-color":"var(--ast-global-color-5)","background-image":"","background-repeat":"repeat","background-position":"center center","background-size":"auto","background-attachment":"scroll","background-type":"","background-media":"","overlay-type":"","overlay-color":"","overlay-opacity":"","overlay-gradient":""},"mobile":{"background-color":"var(--ast-global-color-5)","background-image":"","background-repeat":"repeat","background-position":"center center","background-size":"auto","background-attachment":"scroll","background-type":"","background-media":"","overlay-type":"","overlay-color":"","overlay-opacity":"","overlay-gradient":""}}},"product_brand":[],"product_cat":[855,854],"product_tag":[866,856,446,699,449,324,322],"class_list":{"0":"post-6709","1":"product","2":"type-product","3":"status-publish","4":"has-post-thumbnail","6":"product_cat-imanes","7":"product_cat-noticias","8":"product_tag-dino-es","9":"product_tag-dinosaurio","10":"product_tag-iman","11":"product_tag-iman-de-nevera","12":"product_tag-iman-de-recuerdo","13":"product_tag-recuerdo-es","14":"product_tag-recuerdo","15":"desktop-align-left","16":"tablet-align-left","17":"mobile-align-left","19":"first","20":"instock","21":"shipping-taxable","22":"product-type-simple"},"acf":[],"_links":{"self":[{"href":"https:\/\/www.mitform.com\/es\/wp-json\/wp\/v2\/product\/6709","targetHints":{"allow":["GET"]}}],"collection":[{"href":"https:\/\/www.mitform.com\/es\/wp-json\/wp\/v2\/product"}],"about":[{"href":"https:\/\/www.mitform.com\/es\/wp-json\/wp\/v2\/types\/product"}],"version-history":[{"count":0,"href":"https:\/\/www.mitform.com\/es\/wp-json\/wp\/v2\/product\/6709\/revisions"}],"wp:featuredmedia":[{"embeddable":true,"href":"https:\/\/www.mitform.com\/es\/wp-json\/wp\/v2\/media\/6545"}],"wp:attachment":[{"href":"https:\/\/www.mitform.com\/es\/wp-json\/wp\/v2\/media?parent=6709"}],"wp:term":[{"taxonomy":"product_brand","embeddable":true,"href":"https:\/\/www.mitform.com\/es\/wp-json\/wp\/v2\/product_brand?post=6709"},{"taxonomy":"product_cat","embeddable":true,"href":"https:\/\/www.mitform.com\/es\/wp-json\/wp\/v2\/product_cat?post=6709"},{"taxonomy":"product_tag","embeddable":true,"href":"https:\/\/www.mitform.com\/es\/wp-json\/wp\/v2\/product_tag?post=6709"}],"curies":[{"name":"wp","href":"https:\/\/api.w.org\/{rel}","templated":true}]}}