{"id":6723,"date":"2024-08-26T19:34:35","date_gmt":"2024-08-26T17:34:35","guid":{"rendered":"https:\/\/www.mitform.com\/produkt\/fob_protoceratops_znal_m\/"},"modified":"2024-08-26T19:34:35","modified_gmt":"2024-08-26T17:34:35","slug":"fob_protoceratops_znal_m","status":"publish","type":"product","link":"https:\/\/www.mitform.com\/es\/produkt\/fob_protoceratops_znal_m\/","title":{"rendered":"Fob_Protoceratops_ZNAL_M"},"content":{"rendered":"<p><span style=\"font-family: arial, helvetica, sans-serif; font-size: 14pt;\">Colgante_Protoceratops_ZNAL_M<\/span><span style=\"font-family: arial, helvetica, sans-serif; font-size: 14pt;\">&#8211; Nombre latino Protoceratops.<\/span><span style=\"font-family: arial, helvetica, sans-serif; font-size: 14pt;\">&#8211; en un lado de la pieza de fundici\u00f3n hay espacio para una pegatina de resina_3D con tu nombre\/LOGO<\/span><span style=\"font-family: arial, helvetica, sans-serif; font-size: 14pt;\">en el otro lado est\u00e1 el nombre del dinosaurio<\/span><span style=\"font-family: arial, helvetica, sans-serif; font-size: 14pt;\">&#8211; dimensiones ~ 50 x 50 mm<\/span><span style=\"font-family: arial, helvetica, sans-serif; font-size: 14pt;\">&#8211; peso ~ 19,2 g<\/span><span style=\"font-family: arial, helvetica, sans-serif; font-size: 14pt;\">&#8211; dimensiones de la pegatina de resina 3D &#8211; 29 x 7,6 mm<\/span><\/p>\n","protected":false},"excerpt":{"rendered":"<p><span style=\"font-family: arial, helvetica, sans-serif; font-size: 14pt;\">Un llavero met\u00e1lico elegante y duradero con la forma \u00fanica de la cabeza del dinosaurio Protoceratops.<br \/>\nEl Protoceratops era un peque\u00f1o dinosaurio herb\u00edvoro que vivi\u00f3 durante el Cret\u00e1cico.<br \/>\nTen\u00eda una cabeza caracter\u00edstica con un pico alargado y un collar \u00f3seo en la nuca, aunque era mucho m\u00e1s peque\u00f1o que los ceratopsianos posteriores.<br \/>\nUn gran complemento para tus llaves, bolso o mochila.   <\/span><\/p>\n","protected":false},"featured_media":6517,"template":"","meta":{"_acf_changed":false,"_crdt_document":"","site-sidebar-layout":"default","site-content-layout":"","ast-site-content-layout":"default","site-content-style":"default","site-sidebar-style":"default","ast-global-header-display":"","ast-banner-title-visibility":"","ast-main-header-display":"","ast-hfb-above-header-display":"","ast-hfb-below-header-display":"","ast-hfb-mobile-header-display":"","site-post-title":"","ast-breadcrumbs-content":"","ast-featured-img":"","footer-sml-layout":"","ast-disable-related-posts":"","theme-transparent-header-meta":"default","adv-header-id-meta":"","stick-header-meta":"","header-above-stick-meta":"","header-main-stick-meta":"","header-below-stick-meta":"","astra-migrate-meta-layouts":"default","ast-page-background-enabled":"default","ast-page-background-meta":{"desktop":{"background-color":"var(--ast-global-color-4)","background-image":"","background-repeat":"repeat","background-position":"center center","background-size":"auto","background-attachment":"scroll","background-type":"","background-media":"","overlay-type":"","overlay-color":"","overlay-opacity":"","overlay-gradient":""},"tablet":{"background-color":"","background-image":"","background-repeat":"repeat","background-position":"center center","background-size":"auto","background-attachment":"scroll","background-type":"","background-media":"","overlay-type":"","overlay-color":"","overlay-opacity":"","overlay-gradient":""},"mobile":{"background-color":"","background-image":"","background-repeat":"repeat","background-position":"center center","background-size":"auto","background-attachment":"scroll","background-type":"","background-media":"","overlay-type":"","overlay-color":"","overlay-opacity":"","overlay-gradient":""}},"ast-content-background-meta":{"desktop":{"background-color":"var(--ast-global-color-5)","background-image":"","background-repeat":"repeat","background-position":"center center","background-size":"auto","background-attachment":"scroll","background-type":"","background-media":"","overlay-type":"","overlay-color":"","overlay-opacity":"","overlay-gradient":""},"tablet":{"background-color":"var(--ast-global-color-5)","background-image":"","background-repeat":"repeat","background-position":"center center","background-size":"auto","background-attachment":"scroll","background-type":"","background-media":"","overlay-type":"","overlay-color":"","overlay-opacity":"","overlay-gradient":""},"mobile":{"background-color":"var(--ast-global-color-5)","background-image":"","background-repeat":"repeat","background-position":"center center","background-size":"auto","background-attachment":"scroll","background-type":"","background-media":"","overlay-type":"","overlay-color":"","overlay-opacity":"","overlay-gradient":""}}},"product_brand":[],"product_cat":[906,854],"product_tag":[698,909,866,856,868,495,913,910,581,911,907,915,916,917,912,324,322,914,918,908,920,919,691],"class_list":{"0":"post-6723","1":"product","2":"type-product","3":"status-publish","4":"has-post-thumbnail","6":"product_cat-llaveros","7":"product_cat-noticias","8":"product_tag-aleacion","9":"product_tag-colgante","10":"product_tag-dino-es","11":"product_tag-dinosaurio","12":"product_tag-diplodocus-es","13":"product_tag-fundicion","14":"product_tag-gadget-es","15":"product_tag-llavero-es","16":"product_tag-llavero","17":"product_tag-memoris-es","18":"product_tag-metal-es-3","19":"product_tag-parasaurolophus-es","20":"product_tag-protoceratops-es","21":"product_tag-pteranodon-es","22":"product_tag-publicidad","23":"product_tag-recuerdo-es","24":"product_tag-recuerdo","25":"product_tag-regalo","26":"product_tag-spinosaurus-es","27":"product_tag-t-rex-es","28":"product_tag-tiranosaurio_rex","29":"product_tag-triceratops-es","30":"product_tag-znal-es","31":"desktop-align-left","32":"tablet-align-left","33":"mobile-align-left","35":"first","36":"instock","37":"shipping-taxable","38":"product-type-simple"},"acf":[],"_links":{"self":[{"href":"https:\/\/www.mitform.com\/es\/wp-json\/wp\/v2\/product\/6723","targetHints":{"allow":["GET"]}}],"collection":[{"href":"https:\/\/www.mitform.com\/es\/wp-json\/wp\/v2\/product"}],"about":[{"href":"https:\/\/www.mitform.com\/es\/wp-json\/wp\/v2\/types\/product"}],"version-history":[{"count":0,"href":"https:\/\/www.mitform.com\/es\/wp-json\/wp\/v2\/product\/6723\/revisions"}],"wp:featuredmedia":[{"embeddable":true,"href":"https:\/\/www.mitform.com\/es\/wp-json\/wp\/v2\/media\/6517"}],"wp:attachment":[{"href":"https:\/\/www.mitform.com\/es\/wp-json\/wp\/v2\/media?parent=6723"}],"wp:term":[{"taxonomy":"product_brand","embeddable":true,"href":"https:\/\/www.mitform.com\/es\/wp-json\/wp\/v2\/product_brand?post=6723"},{"taxonomy":"product_cat","embeddable":true,"href":"https:\/\/www.mitform.com\/es\/wp-json\/wp\/v2\/product_cat?post=6723"},{"taxonomy":"product_tag","embeddable":true,"href":"https:\/\/www.mitform.com\/es\/wp-json\/wp\/v2\/product_tag?post=6723"}],"curies":[{"name":"wp","href":"https:\/\/api.w.org\/{rel}","templated":true}]}}